{"id":681,"date":"2020-08-24T08:09:37","date_gmt":"2020-08-24T08:09:37","guid":{"rendered":"http:\/\/esysshop.grandem.lv\/product\/specials-aizsargs-pret-nopludi\/"},"modified":"2020-09-02T10:30:07","modified_gmt":"2020-09-02T10:30:07","slug":"aizsargajoss-materials-gom5-standart","status":"publish","type":"product","link":"https:\/\/shop.esys.lv\/ru\/product\/aizsargajoss-materials-gom5-standart\/","title":{"rendered":"Aizsarg\u0101jo\u0161s materi\u0101ls GOM5 STANDART"},"content":{"rendered":"<p>Speci\u0101ls aizsargs, kas uzs\u016bc un nov\u0113r\u0161 \u0137\u012bmisku vielu t\u0101l\u0101ku nopl\u016bdi.<\/p>\n<ul>\n<li>1 pakl\u0101js absorb\u0113 l\u012bdz 300 litriem e\u013c\u013cas<\/li>\n<li>Darbojas jebkuros laika apst\u0101k\u013cos<\/li>\n<li>GO \u0161\u0137iedras ir 100% hidrofobas<\/li>\n<\/ul>\n","protected":false},"featured_media":0,"template":"","product_category":[17],"class_list":["post-681","product","type-product","status-publish","hentry","product_category-aizargajoss-materials"],"acf":[],"aioseo_notices":[],"_links":{"self":[{"href":"https:\/\/shop.esys.lv\/ru\/wp-json\/wp\/v2\/product\/681","targetHints":{"allow":["GET"]}}],"collection":[{"href":"https:\/\/shop.esys.lv\/ru\/wp-json\/wp\/v2\/product"}],"about":[{"href":"https:\/\/shop.esys.lv\/ru\/wp-json\/wp\/v2\/types\/product"}],"wp:attachment":[{"href":"https:\/\/shop.esys.lv\/ru\/wp-json\/wp\/v2\/media?parent=681"}],"wp:term":[{"taxonomy":"product_category","embeddable":true,"href":"https:\/\/shop.esys.lv\/ru\/wp-json\/wp\/v2\/product_category?post=681"}],"curies":[{"name":"wp","href":"https:\/\/api.w.org\/{rel}","templated":true}]}}