{"id":683,"date":"2020-08-24T08:31:02","date_gmt":"2020-08-24T08:31:02","guid":{"rendered":"http:\/\/esysshop.grandem.lv\/product\/absorbejosie-spilventini\/"},"modified":"2020-09-02T10:51:24","modified_gmt":"2020-09-02T10:51:24","slug":"absorbejosie-spilventini","status":"publish","type":"product","link":"https:\/\/shop.esys.lv\/ru\/product\/absorbejosie-spilventini\/","title":{"rendered":"Absorb\u0113jo\u0161ie spilventi\u0146i"},"content":{"rendered":"<p>Vair\u0101ku veidu spilventi\u0146i, ar da\u017e\u0101diem izm\u0113riem un absorb\u0101cijas sp\u0113ju.<\/p>\n<ul>\n<li>Absorb\u0101cijas sp\u0113ja: 1 kg absorb\u0113 l\u012bzd 50 kg e\u013c\u013cas;<\/li>\n<li>Pied\u0101v\u0101juma kl\u0101st\u0101 ir da\u017e\u0101da izm\u0113ra un formas;<\/li>\n<li>Spilventi\u0146i ar lielu ietilp\u012bbu un sp\u0113ju \u0101tri ies\u016bkt izliju\u0161u e\u013c\u013cu;<\/li>\n<li>T\u0101 \u012bpas\u012bbas nodro\u0161ina vieglu piek\u013cuvi tuvu e\u013c\u013cas nopl\u016bdei.<\/li>\n<\/ul>\n","protected":false},"featured_media":0,"template":"","product_category":[16],"class_list":["post-683","product","type-product","status-publish","hentry","product_category-absorbejosie-spilventini"],"acf":[],"aioseo_notices":[],"_links":{"self":[{"href":"https:\/\/shop.esys.lv\/ru\/wp-json\/wp\/v2\/product\/683","targetHints":{"allow":["GET"]}}],"collection":[{"href":"https:\/\/shop.esys.lv\/ru\/wp-json\/wp\/v2\/product"}],"about":[{"href":"https:\/\/shop.esys.lv\/ru\/wp-json\/wp\/v2\/types\/product"}],"wp:attachment":[{"href":"https:\/\/shop.esys.lv\/ru\/wp-json\/wp\/v2\/media?parent=683"}],"wp:term":[{"taxonomy":"product_category","embeddable":true,"href":"https:\/\/shop.esys.lv\/ru\/wp-json\/wp\/v2\/product_category?post=683"}],"curies":[{"name":"wp","href":"https:\/\/api.w.org\/{rel}","templated":true}]}}