{"id":685,"date":"2020-08-24T09:37:36","date_gmt":"2020-08-24T09:37:36","guid":{"rendered":"http:\/\/esysshop.grandem.lv\/product\/notekudenu-filtri\/"},"modified":"2020-09-14T10:09:25","modified_gmt":"2020-09-14T10:09:25","slug":"notekudenu-filtri","status":"publish","type":"product","link":"https:\/\/shop.esys.lv\/ru\/product\/notekudenu-filtri\/","title":{"rendered":"Notek\u016bde\u0146u filtri"},"content":{"rendered":"<p>Lai notek\u016bde\u0146os nenon\u0101ktu nelabv\u0113l\u012bgas vielas, ir pieejami speci\u0101li filtri.<\/p>\n","protected":false},"featured_media":0,"template":"","product_category":[],"class_list":["post-685","product","type-product","status-publish","hentry"],"acf":[],"aioseo_notices":[],"_links":{"self":[{"href":"https:\/\/shop.esys.lv\/ru\/wp-json\/wp\/v2\/product\/685","targetHints":{"allow":["GET"]}}],"collection":[{"href":"https:\/\/shop.esys.lv\/ru\/wp-json\/wp\/v2\/product"}],"about":[{"href":"https:\/\/shop.esys.lv\/ru\/wp-json\/wp\/v2\/types\/product"}],"wp:attachment":[{"href":"https:\/\/shop.esys.lv\/ru\/wp-json\/wp\/v2\/media?parent=685"}],"wp:term":[{"taxonomy":"product_category","embeddable":true,"href":"https:\/\/shop.esys.lv\/ru\/wp-json\/wp\/v2\/product_category?post=685"}],"curies":[{"name":"wp","href":"https:\/\/api.w.org\/{rel}","templated":true}]}}