{"id":687,"date":"2020-08-24T11:07:14","date_gmt":"2020-08-24T11:07:14","guid":{"rendered":"http:\/\/esysshop.grandem.lv\/product\/absorbejosie-paklaji\/"},"modified":"2021-08-13T14:23:18","modified_gmt":"2021-08-13T14:23:18","slug":"absorbejosais-paklajs-sweeps-go-50-6","status":"publish","type":"product","link":"https:\/\/shop.esys.lv\/ru\/product\/absorbejosais-paklajs-sweeps-go-50-6\/","title":{"rendered":"Absorb\u0113jo\u0161ais pakl\u0101js SWEEPS GO 50\/6"},"content":{"rendered":"<p>No speci\u0101la materi\u0101la veidots pakl\u0101js, lieliski noder zem industri\u0101laj\u0101m ma\u0161\u012bn\u0101m vai jebkuras citas darba vietas.<\/p>\n","protected":false},"featured_media":0,"template":"","product_category":[21],"class_list":["post-687","product","type-product","status-publish","hentry","product_category-absorbejosie-paklaji"],"acf":[],"aioseo_notices":[],"_links":{"self":[{"href":"https:\/\/shop.esys.lv\/ru\/wp-json\/wp\/v2\/product\/687","targetHints":{"allow":["GET"]}}],"collection":[{"href":"https:\/\/shop.esys.lv\/ru\/wp-json\/wp\/v2\/product"}],"about":[{"href":"https:\/\/shop.esys.lv\/ru\/wp-json\/wp\/v2\/types\/product"}],"wp:attachment":[{"href":"https:\/\/shop.esys.lv\/ru\/wp-json\/wp\/v2\/media?parent=687"}],"wp:term":[{"taxonomy":"product_category","embeddable":true,"href":"https:\/\/shop.esys.lv\/ru\/wp-json\/wp\/v2\/product_category?post=687"}],"curies":[{"name":"wp","href":"https:\/\/api.w.org\/{rel}","templated":true}]}}