{"id":704,"date":"2020-08-26T11:44:10","date_gmt":"2020-08-26T11:44:10","guid":{"rendered":"http:\/\/esysshop.grandem.lv\/product\/zeke-ellai-go8-1-2-oil\/"},"modified":"2020-08-27T12:58:36","modified_gmt":"2020-08-27T12:58:36","slug":"zeke-ellai-go8-1-2-oil","status":"publish","type":"product","link":"https:\/\/shop.esys.lv\/ru\/product\/zeke-ellai-go8-1-2-oil\/","title":{"rendered":"Ze\u0137e e\u013c\u013cai GO8\/1.2-OIL"},"content":{"rendered":"<p>Absorbs oils, repels water<\/p>\n","protected":false},"featured_media":0,"template":"","product_category":[19],"class_list":["post-704","product","type-product","status-publish","hentry","product_category-absorbejosas-zekes"],"acf":[],"aioseo_notices":[],"_links":{"self":[{"href":"https:\/\/shop.esys.lv\/ru\/wp-json\/wp\/v2\/product\/704","targetHints":{"allow":["GET"]}}],"collection":[{"href":"https:\/\/shop.esys.lv\/ru\/wp-json\/wp\/v2\/product"}],"about":[{"href":"https:\/\/shop.esys.lv\/ru\/wp-json\/wp\/v2\/types\/product"}],"wp:attachment":[{"href":"https:\/\/shop.esys.lv\/ru\/wp-json\/wp\/v2\/media?parent=704"}],"wp:term":[{"taxonomy":"product_category","embeddable":true,"href":"https:\/\/shop.esys.lv\/ru\/wp-json\/wp\/v2\/product_category?post=704"}],"curies":[{"name":"wp","href":"https:\/\/api.w.org\/{rel}","templated":true}]}}