{"id":706,"date":"2020-08-26T11:50:59","date_gmt":"2020-08-26T11:50:59","guid":{"rendered":"http:\/\/esysshop.grandem.lv\/product\/zeke-ellai-go8-3-oil\/"},"modified":"2020-09-02T11:30:52","modified_gmt":"2020-09-02T11:30:52","slug":"zeke-ellai-go8-3-oil","status":"publish","type":"product","link":"https:\/\/shop.esys.lv\/ru\/product\/zeke-ellai-go8-3-oil\/","title":{"rendered":"Ze\u0137e e\u013c\u013cai GO8\/3-OIL"},"content":{"rendered":"<p>Absorbs Oils, repels water.<\/p>\n","protected":false},"featured_media":0,"template":"","product_category":[19],"class_list":["post-706","product","type-product","status-publish","hentry","product_category-absorbejosas-zekes"],"acf":[],"aioseo_notices":[],"_links":{"self":[{"href":"https:\/\/shop.esys.lv\/ru\/wp-json\/wp\/v2\/product\/706","targetHints":{"allow":["GET"]}}],"collection":[{"href":"https:\/\/shop.esys.lv\/ru\/wp-json\/wp\/v2\/product"}],"about":[{"href":"https:\/\/shop.esys.lv\/ru\/wp-json\/wp\/v2\/types\/product"}],"wp:attachment":[{"href":"https:\/\/shop.esys.lv\/ru\/wp-json\/wp\/v2\/media?parent=706"}],"wp:term":[{"taxonomy":"product_category","embeddable":true,"href":"https:\/\/shop.esys.lv\/ru\/wp-json\/wp\/v2\/product_category?post=706"}],"curies":[{"name":"wp","href":"https:\/\/api.w.org\/{rel}","templated":true}]}}