{"id":712,"date":"2020-08-26T12:03:15","date_gmt":"2020-08-26T12:03:15","guid":{"rendered":"http:\/\/esysshop.grandem.lv\/product\/zeke-kimikalijam-go8-3-c\/"},"modified":"2020-09-02T11:27:48","modified_gmt":"2020-09-02T11:27:48","slug":"zeke-kimikalijam-go8-3-c","status":"publish","type":"product","link":"https:\/\/shop.esys.lv\/ru\/product\/zeke-kimikalijam-go8-3-c\/","title":{"rendered":"Ze\u0137e \u0137imik\u0101lij\u0101m GO8\/3-C"},"content":{"rendered":"<p>Absorbs chemicals<\/p>\n","protected":false},"featured_media":0,"template":"","product_category":[19],"class_list":["post-712","product","type-product","status-publish","hentry","product_category-absorbejosas-zekes"],"acf":[],"aioseo_notices":[],"_links":{"self":[{"href":"https:\/\/shop.esys.lv\/ru\/wp-json\/wp\/v2\/product\/712","targetHints":{"allow":["GET"]}}],"collection":[{"href":"https:\/\/shop.esys.lv\/ru\/wp-json\/wp\/v2\/product"}],"about":[{"href":"https:\/\/shop.esys.lv\/ru\/wp-json\/wp\/v2\/types\/product"}],"wp:attachment":[{"href":"https:\/\/shop.esys.lv\/ru\/wp-json\/wp\/v2\/media?parent=712"}],"wp:term":[{"taxonomy":"product_category","embeddable":true,"href":"https:\/\/shop.esys.lv\/ru\/wp-json\/wp\/v2\/product_category?post=712"}],"curies":[{"name":"wp","href":"https:\/\/api.w.org\/{rel}","templated":true}]}}