{"id":716,"date":"2020-08-26T12:31:01","date_gmt":"2020-08-26T12:31:01","guid":{"rendered":"http:\/\/esysshop.grandem.lv\/product\/universals-granulets-absorbents-ravejsledzeja-spilvena\/"},"modified":"2020-09-02T10:56:38","modified_gmt":"2020-09-02T10:56:38","slug":"universals-granulets-absorbents-ravejsledzeja-spilvena","status":"publish","type":"product","link":"https:\/\/shop.esys.lv\/ru\/product\/universals-granulets-absorbents-ravejsledzeja-spilvena\/","title":{"rendered":"Univers\u0101ls granul\u0113ts absorbents<br>r\u0101v\u0113jsl\u0113dz\u0113ja spilven\u0101"},"content":{"rendered":"<p><strong>1 kg absorbs 14 liters!\u00a0<\/strong><\/p>\n<ul>\n<li>Comes in a unique pack! Can be used as an absorbent pillow or as granular absorbent<\/li>\n<li>The packaging can be closed with the zipper after the needed amount of granulated absorbent is used<\/li>\n<\/ul>\n","protected":false},"featured_media":0,"template":"","product_category":[20],"class_list":["post-716","product","type-product","status-publish","hentry","product_category-granulets-absorbents"],"acf":[],"aioseo_notices":[],"_links":{"self":[{"href":"https:\/\/shop.esys.lv\/ru\/wp-json\/wp\/v2\/product\/716","targetHints":{"allow":["GET"]}}],"collection":[{"href":"https:\/\/shop.esys.lv\/ru\/wp-json\/wp\/v2\/product"}],"about":[{"href":"https:\/\/shop.esys.lv\/ru\/wp-json\/wp\/v2\/types\/product"}],"wp:attachment":[{"href":"https:\/\/shop.esys.lv\/ru\/wp-json\/wp\/v2\/media?parent=716"}],"wp:term":[{"taxonomy":"product_category","embeddable":true,"href":"https:\/\/shop.esys.lv\/ru\/wp-json\/wp\/v2\/product_category?post=716"}],"curies":[{"name":"wp","href":"https:\/\/api.w.org\/{rel}","templated":true}]}}