{"id":722,"date":"2020-08-21T14:06:56","date_gmt":"2020-08-21T14:06:56","guid":{"rendered":"http:\/\/esysshop.grandem.lv\/product\/avarijas-nopludes-komplekti\/"},"modified":"2020-08-27T13:07:31","modified_gmt":"2020-08-27T13:07:31","slug":"avarijas-nopludes-komplekti","status":"publish","type":"product","link":"https:\/\/shop.esys.lv\/ru\/product\/avarijas-nopludes-komplekti\/","title":{"rendered":"Av\u0101rijas nopl\u016bdes komplekti"},"content":{"rendered":"<p>Atk\u0101rtoti uzpild\u0101mi vieglie maisi\u0146i. Augsta absorbcijas sp\u0113ja 100% videi draudz\u012bgs absorbents. Nekait\u012bgs dabai Var uzglab\u0101t \u0101rpus telp\u0101m vai telp\u0101s.<\/p>\n<ul>\n<li>Keeps you prepared for massive spills<\/li>\n<li>The very high absorption capacity of our sorbents requires fewer products in your spill kit, which makes our kits compact and save your space<\/li>\n<li>Can be filled per customers request with Oil Only products, Mixed (Oil Only, Universal, Chemical) or Universal Products<\/li>\n<\/ul>\n<p>Spill kit Bag is coated with plastic film and can be used as a container for used absorbent discard.<\/p>\n","protected":false},"featured_media":0,"template":"","product_category":[18],"class_list":["post-722","product","type-product","status-publish","hentry","product_category-avarijas-nopludes-komplekti"],"acf":[],"aioseo_notices":[],"_links":{"self":[{"href":"https:\/\/shop.esys.lv\/ru\/wp-json\/wp\/v2\/product\/722","targetHints":{"allow":["GET"]}}],"collection":[{"href":"https:\/\/shop.esys.lv\/ru\/wp-json\/wp\/v2\/product"}],"about":[{"href":"https:\/\/shop.esys.lv\/ru\/wp-json\/wp\/v2\/types\/product"}],"wp:attachment":[{"href":"https:\/\/shop.esys.lv\/ru\/wp-json\/wp\/v2\/media?parent=722"}],"wp:term":[{"taxonomy":"product_category","embeddable":true,"href":"https:\/\/shop.esys.lv\/ru\/wp-json\/wp\/v2\/product_category?post=722"}],"curies":[{"name":"wp","href":"https:\/\/api.w.org\/{rel}","templated":true}]}}