{"id":724,"date":"2020-08-21T13:01:20","date_gmt":"2020-08-21T13:01:20","guid":{"rendered":"http:\/\/esysshop.grandem.lv\/product\/produkts-prieks-auto\/"},"modified":"2020-08-27T13:07:59","modified_gmt":"2020-08-27T13:07:59","slug":"sorb-and-go-lupatina","status":"publish","type":"product","link":"https:\/\/shop.esys.lv\/ru\/product\/sorb-and-go-lupatina\/","title":{"rendered":"SORB AND GO lupati\u0146a"},"content":{"rendered":"<p>Aizsarg\u0101jo\u0161s produkts uztur automa\u0161\u012bnu t\u012bru no net\u012brumiem, degviel\u0101m, e\u013c\u013c\u0101m un \u0137\u012bmisk\u0101m viel\u0101m ikdien\u0101.<\/p>\n<ul>\n<li>Absorb\u0113 jebkura veida \u0161\u0137idrumus<\/li>\n<li>Uztur automa\u0161\u012bnu t\u012bru no e\u013c\u013cas un net\u012brumiem<\/li>\n<li>Uztur rokas t\u012bras<\/li>\n<li>100% eko produkts. Nekait\u012bgs dabai un cilv\u0113kiem<\/li>\n<\/ul>\n","protected":false},"featured_media":0,"template":"","product_category":[],"class_list":["post-724","product","type-product","status-publish","hentry"],"acf":[],"aioseo_notices":[],"_links":{"self":[{"href":"https:\/\/shop.esys.lv\/ru\/wp-json\/wp\/v2\/product\/724","targetHints":{"allow":["GET"]}}],"collection":[{"href":"https:\/\/shop.esys.lv\/ru\/wp-json\/wp\/v2\/product"}],"about":[{"href":"https:\/\/shop.esys.lv\/ru\/wp-json\/wp\/v2\/types\/product"}],"wp:attachment":[{"href":"https:\/\/shop.esys.lv\/ru\/wp-json\/wp\/v2\/media?parent=724"}],"wp:term":[{"taxonomy":"product_category","embeddable":true,"href":"https:\/\/shop.esys.lv\/ru\/wp-json\/wp\/v2\/product_category?post=724"}],"curies":[{"name":"wp","href":"https:\/\/api.w.org\/{rel}","templated":true}]}}