{"id":726,"date":"2020-08-21T12:38:30","date_gmt":"2020-08-21T12:38:30","guid":{"rendered":"http:\/\/esysshop.grandem.lv\/product\/bonas\/"},"modified":"2020-09-02T10:39:54","modified_gmt":"2020-09-02T10:39:54","slug":"bonas","status":"publish","type":"product","link":"https:\/\/shop.esys.lv\/ru\/product\/bonas\/","title":{"rendered":"Bonas"},"content":{"rendered":"<p>J\u016bsu pirm\u0101 aizsardz\u012bbas l\u012bnija naftas nopl\u016bdes gad\u012bjum\u0101.<\/p>\n<ul>\n<li>\u013boti augsta absorb\u0101cija: 1 kg absorb\u0113 l\u012bdz pat 50 kg nopl\u016bdu\u0161\u0101s vielas;<\/li>\n<li>Bojas, lieliski notur \u0137imik\u0101lijas nomai\u0146as laik\u0101;<\/li>\n<li>Boj\u0101m abos galos \u0101\u0137i, kas \u013cauj savienot vair\u0101kus, jebkura lieluma nopl\u016bdes gad\u012bjum\u0101.<\/li>\n<\/ul>\n","protected":false},"featured_media":0,"template":"","product_category":[15],"class_list":["post-726","product","type-product","status-publish","hentry","product_category-bonas"],"acf":[],"aioseo_notices":[],"_links":{"self":[{"href":"https:\/\/shop.esys.lv\/ru\/wp-json\/wp\/v2\/product\/726","targetHints":{"allow":["GET"]}}],"collection":[{"href":"https:\/\/shop.esys.lv\/ru\/wp-json\/wp\/v2\/product"}],"about":[{"href":"https:\/\/shop.esys.lv\/ru\/wp-json\/wp\/v2\/types\/product"}],"wp:attachment":[{"href":"https:\/\/shop.esys.lv\/ru\/wp-json\/wp\/v2\/media?parent=726"}],"wp:term":[{"taxonomy":"product_category","embeddable":true,"href":"https:\/\/shop.esys.lv\/ru\/wp-json\/wp\/v2\/product_category?post=726"}],"curies":[{"name":"wp","href":"https:\/\/api.w.org\/{rel}","templated":true}]}}