{"id":728,"date":"2020-08-21T11:49:04","date_gmt":"2020-08-21T11:49:04","guid":{"rendered":"http:\/\/esysshop.grandem.lv\/product\/absorbejosas-zekes\/"},"modified":"2020-08-31T11:40:05","modified_gmt":"2020-08-31T11:40:05","slug":"absorbejosas-zekes","status":"publish","type":"product","link":"https:\/\/shop.esys.lv\/ru\/product\/absorbejosas-zekes\/","title":{"rendered":"Absorb\u0113jo\u0161\u0101s ze\u0137es"},"content":{"rendered":"<p>Produkts ar \u013coti augstu absorb\u0101cijas sp\u0113ju lieliski noder, lai kontrol\u0113tu \u0137imik\u0101liju nopl\u016bdes,\u00a0 liel\u0101kajai da\u013cai r\u016bpniecisko apst\u0101k\u013cu situ\u0101cij\u0101s. \u0112rti lietojam\u0101s absorb\u0113jo\u0161\u0101s ze\u0137es operat\u012bvai lieto\u0161anai.<\/p>\n<ul>\n<li><span class=\"sentence sentence-6-0\"><span class=\"phrase phrase-6-0-1-2-3-0-1-2-3-4\"><span class=\"word word-6-0-0 sibling-6-0-1\">Paradz\u0113ts nopl\u016bdes kontrol\u0113\u0161anai<\/span><\/span><\/span><\/li>\n<li>Absorb\u0113 e\u013c\u013cu, ir \u016bdens atgr\u016bdo\u0161s;<\/li>\n<li>Nelielais svars nodro\u0161ina \u0113rtu uzst\u0101d\u012b\u0161anu.<\/li>\n<\/ul>\n","protected":false},"featured_media":0,"template":"","product_category":[19],"class_list":["post-728","product","type-product","status-publish","hentry","product_category-absorbejosas-zekes"],"acf":[],"aioseo_notices":[],"_links":{"self":[{"href":"https:\/\/shop.esys.lv\/ru\/wp-json\/wp\/v2\/product\/728","targetHints":{"allow":["GET"]}}],"collection":[{"href":"https:\/\/shop.esys.lv\/ru\/wp-json\/wp\/v2\/product"}],"about":[{"href":"https:\/\/shop.esys.lv\/ru\/wp-json\/wp\/v2\/types\/product"}],"wp:attachment":[{"href":"https:\/\/shop.esys.lv\/ru\/wp-json\/wp\/v2\/media?parent=728"}],"wp:term":[{"taxonomy":"product_category","embeddable":true,"href":"https:\/\/shop.esys.lv\/ru\/wp-json\/wp\/v2\/product_category?post=728"}],"curies":[{"name":"wp","href":"https:\/\/api.w.org\/{rel}","templated":true}]}}