{"id":730,"date":"2020-08-21T09:15:41","date_gmt":"2020-08-21T09:15:41","guid":{"rendered":"http:\/\/esysshop.grandem.lv\/product\/granulets-absorbents\/"},"modified":"2020-09-02T10:37:36","modified_gmt":"2020-09-02T10:37:36","slug":"granulets-absorbents","status":"publish","type":"product","link":"https:\/\/shop.esys.lv\/ru\/product\/granulets-absorbents\/","title":{"rendered":"Granul\u0113ts absorbents"},"content":{"rendered":"<p>Speci\u0101ls materi\u0101ls, kas sp\u0113j uzs\u016bkt av\u0101rijas viet\u0101s izveidoju\u0161os nopl\u016bdi ar\u00a0 \u0137imik\u0101liju, un \u0101tri lokaliz\u0113t pies\u0101r\u0146oto vietu. Materi\u0101ls ir 18 reizes absorb\u0113jo\u0161\u0101ks nek\u0101 m\u0101ls!<\/p>\n<ul>\n<li>\u013boti viegls materi\u0101ls<\/li>\n<li>Dro\u0161s dabai, cilv\u0113kiem un dz\u012bvniekiem<\/li>\n<li>Iederas katr\u0101 bag\u0101\u017eniek\u0101<\/li>\n<li>Viegli atv\u0113rt un lietot<\/li>\n<\/ul>\n<p><strong>Sp\u0113j absorb\u0113t:<\/strong><\/p>\n<ul>\n<li>E\u013c\u013cas;<\/li>\n<li>Degvielas nopl\u016bdes;<\/li>\n<li>\u0136\u012bmisk\u0101s vielas;<\/li>\n<li>\u016bdeni.<\/li>\n<\/ul>\n","protected":false},"featured_media":0,"template":"","product_category":[20],"class_list":["post-730","product","type-product","status-publish","hentry","product_category-granulets-absorbents"],"acf":[],"aioseo_notices":[],"_links":{"self":[{"href":"https:\/\/shop.esys.lv\/ru\/wp-json\/wp\/v2\/product\/730","targetHints":{"allow":["GET"]}}],"collection":[{"href":"https:\/\/shop.esys.lv\/ru\/wp-json\/wp\/v2\/product"}],"about":[{"href":"https:\/\/shop.esys.lv\/ru\/wp-json\/wp\/v2\/types\/product"}],"wp:attachment":[{"href":"https:\/\/shop.esys.lv\/ru\/wp-json\/wp\/v2\/media?parent=730"}],"wp:term":[{"taxonomy":"product_category","embeddable":true,"href":"https:\/\/shop.esys.lv\/ru\/wp-json\/wp\/v2\/product_category?post=730"}],"curies":[{"name":"wp","href":"https:\/\/api.w.org\/{rel}","templated":true}]}}