{"id":865,"date":"2020-08-21T12:00:25","date_gmt":"2020-08-21T12:00:25","guid":{"rendered":"http:\/\/esysshop.grandem.lv\/product\/bagaznieka-paklajs-go-clean\/"},"modified":"2021-11-30T13:23:06","modified_gmt":"2021-11-30T13:23:06","slug":"bagaznieka-paklajs-go-clean","status":"publish","type":"product","link":"https:\/\/shop.esys.lv\/ru\/product\/bagaznieka-paklajs-go-clean\/","title":{"rendered":"Bag\u0101\u017enieka pakl\u0101js GO-CLEAN"},"content":{"rendered":"<p><b>Perfectly fits in any trunk keeping it clean<\/b><\/p>\n<div class=\"woocommerce-product-details__short-description\">\n<ul>\n<li>Absorbs any kind of liquids<\/li>\n<li>Keeps a car clean from oil and dirt<\/li>\n<li>100% eco-product. Non-harmful for nature and people<\/li>\n<\/ul>\n<\/div>\n","protected":false},"featured_media":0,"template":"","product_category":[],"class_list":["post-865","product","type-product","status-publish","hentry"],"acf":[],"aioseo_notices":[],"_links":{"self":[{"href":"https:\/\/shop.esys.lv\/ru\/wp-json\/wp\/v2\/product\/865","targetHints":{"allow":["GET"]}}],"collection":[{"href":"https:\/\/shop.esys.lv\/ru\/wp-json\/wp\/v2\/product"}],"about":[{"href":"https:\/\/shop.esys.lv\/ru\/wp-json\/wp\/v2\/types\/product"}],"wp:attachment":[{"href":"https:\/\/shop.esys.lv\/ru\/wp-json\/wp\/v2\/media?parent=865"}],"wp:term":[{"taxonomy":"product_category","embeddable":true,"href":"https:\/\/shop.esys.lv\/ru\/wp-json\/wp\/v2\/product_category?post=865"}],"curies":[{"name":"wp","href":"https:\/\/api.w.org\/{rel}","templated":true}]}}